{"id":315,"date":"2019-10-15T14:55:27","date_gmt":"2019-10-15T12:55:27","guid":{"rendered":"http:\/\/www.bg-bab-elternverein.at\/ev\/?page_id=315"},"modified":"2022-09-27T08:02:40","modified_gmt":"2022-09-27T06:02:40","slug":"formulare","status":"publish","type":"page","link":"https:\/\/www.bg-bab-elternverein.at\/ev\/formulare\/","title":{"rendered":"Formulare"},"content":{"rendered":"\t\t<div data-elementor-type=\"wp-page\" data-elementor-id=\"315\" class=\"elementor elementor-315\">\n\t\t\t\t\t\t<div class=\"elementor-inner\">\n\t\t\t\t<div class=\"elementor-section-wrap\">\n\t\t\t\t\t\t\t\t\t<section class=\"elementor-section elementor-top-section elementor-element elementor-element-eeb242f elementor-section-boxed elementor-section-height-default elementor-section-height-default elementor-invisible\" data-id=\"eeb242f\" data-element_type=\"section\" data-settings=\"{&quot;animation&quot;:&quot;fadeInUp&quot;}\">\n\t\t\t\t\t\t<div class=\"elementor-container elementor-column-gap-default\">\n\t\t\t\t\t\t\t<div class=\"elementor-row\">\n\t\t\t\t\t<div class=\"elementor-column elementor-col-100 elementor-top-column elementor-element elementor-element-7557769\" data-id=\"7557769\" data-element_type=\"column\">\n\t\t\t<div class=\"elementor-column-wrap elementor-element-populated\">\n\t\t\t\t\t\t\t<div class=\"elementor-widget-wrap\">\n\t\t\t\t\t\t<div class=\"elementor-element elementor-element-04a3cd3 elementor-absolute elementor-widget elementor-widget-heading\" data-id=\"04a3cd3\" data-element_type=\"widget\" data-settings=\"{&quot;_position&quot;:&quot;absolute&quot;,&quot;_animation&quot;:&quot;none&quot;}\" data-widget_type=\"heading.default\">\n\t\t\t\t<div class=\"elementor-widget-container\">\n\t\t\t<h2 class=\"elementor-heading-title elementor-size-xl\">Formulare<\/h2>\t\t<\/div>\n\t\t\t\t<\/div>\n\t\t\t\t\t\t<\/div>\n\t\t\t\t\t<\/div>\n\t\t<\/div>\n\t\t\t\t\t\t\t\t<\/div>\n\t\t\t\t\t<\/div>\n\t\t<\/section>\n\t\t\t\t<section class=\"elementor-section elementor-top-section elementor-element elementor-element-cbec17f elementor-section-boxed elementor-section-height-default elementor-section-height-default\" data-id=\"cbec17f\" data-element_type=\"section\">\n\t\t\t\t\t\t<div class=\"elementor-container elementor-column-gap-default\">\n\t\t\t\t\t\t\t<div class=\"elementor-row\">\n\t\t\t\t\t<div class=\"elementor-column elementor-col-100 elementor-top-column elementor-element elementor-element-044466f\" data-id=\"044466f\" data-element_type=\"column\">\n\t\t\t<div class=\"elementor-column-wrap\">\n\t\t\t\t\t\t\t<div class=\"elementor-widget-wrap\">\n\t\t\t\t\t\t\t\t<\/div>\n\t\t\t\t\t<\/div>\n\t\t<\/div>\n\t\t\t\t\t\t\t\t<\/div>\n\t\t\t\t\t<\/div>\n\t\t<\/section>\n\t\t\t\t<section class=\"elementor-section elementor-top-section elementor-element elementor-element-e1cd2ca elementor-section-boxed elementor-section-height-default elementor-section-height-default elementor-invisible\" data-id=\"e1cd2ca\" data-element_type=\"section\" data-settings=\"{&quot;animation&quot;:&quot;fadeInUp&quot;}\">\n\t\t\t\t\t\t<div class=\"elementor-container elementor-column-gap-default\">\n\t\t\t\t\t\t\t<div class=\"elementor-row\">\n\t\t\t\t\t<div class=\"elementor-column elementor-col-100 elementor-top-column elementor-element elementor-element-d90abe3 elementor-invisible\" data-id=\"d90abe3\" data-element_type=\"column\" data-settings=\"{&quot;animation&quot;:&quot;fadeIn&quot;}\">\n\t\t\t<div class=\"elementor-column-wrap elementor-element-populated\">\n\t\t\t\t\t\t\t<div class=\"elementor-widget-wrap\">\n\t\t\t\t\t\t<div class=\"elementor-element elementor-element-d4255dc elementor-widget elementor-widget-spacer\" data-id=\"d4255dc\" data-element_type=\"widget\" data-widget_type=\"spacer.default\">\n\t\t\t\t<div class=\"elementor-widget-container\">\n\t\t\t\t\t<div class=\"elementor-spacer\">\n\t\t\t<div class=\"elementor-spacer-inner\"><\/div>\n\t\t<\/div>\n\t\t\t\t<\/div>\n\t\t\t\t<\/div>\n\t\t\t\t<div class=\"elementor-element elementor-element-fab498b elementor-widget elementor-widget-heading\" data-id=\"fab498b\" data-element_type=\"widget\" data-widget_type=\"heading.default\">\n\t\t\t\t<div class=\"elementor-widget-container\">\n\t\t\t<h2 class=\"elementor-heading-title elementor-size-xl\"><span style=\"color: rgb(85, 125, 161); font-family: Helvetica, sans-serif; font-size: 30px; font-style: normal; font-variant-ligatures: normal; font-variant-caps: normal; font-weight: var( --e-global-typography-primary-font-weight );\">\u00d6ffentliche Zusch\u00fcsse<\/span><\/h2>\t\t<\/div>\n\t\t\t\t<\/div>\n\t\t\t\t<div class=\"elementor-element elementor-element-cc8db4d elementor-widget elementor-widget-text-editor\" data-id=\"cc8db4d\" data-element_type=\"widget\" data-widget_type=\"text-editor.default\">\n\t\t\t\t<div class=\"elementor-widget-container\">\n\t\t\t\t\t\t\t\t<div class=\"elementor-text-editor elementor-clearfix\">\n\t\t\t\t<p><span style=\"color: #1b677f;\"><strong><a style=\"color: #1b677f;\" href=\"https:\/\/www.bmbwf.gv.at\/Themen\/schule\/befoe\/\"><span style=\"text-decoration: underline;\">Bundesministerium f\u00fcr Bildung, Wissenschaft und Forschung<\/span><\/a><\/strong><\/span><\/p><p><span style=\"color: #1b677f;\"><strong><a style=\"color: #1b677f;\" href=\"https:\/\/www.jugendrotkreuz.at\/fileadmin\/NOE\/Downloads\/OEJRK_Unterstuetzungsansuchen_V122018.pdf\"><span style=\"text-decoration: underline;\">Jugend Rotes Kreuz N\u00d6<\/span><\/a><\/strong><\/span><\/p><p><span style=\"color: #1b677f;\"><strong><a style=\"color: #1b677f;\" href=\"https:\/\/www.volkshilfe-wien.at\/wp-content\/uploads\/2022\/01\/F1c_Formular-Rapid-Kinderzukunft_Volkshilfe-Wien_130122.pdf\"><span style=\"text-decoration: underline;\">Initiative \u201eRapid hilft\u201c von der Volkshilfe Wien<\/span><\/a><\/strong><\/span><\/p>\t\t\t\t\t<\/div>\n\t\t\t\t\t\t<\/div>\n\t\t\t\t<\/div>\n\t\t\t\t<div class=\"elementor-element elementor-element-120dca5 elementor-invisible elementor-widget elementor-widget-heading\" data-id=\"120dca5\" data-element_type=\"widget\" data-settings=\"{&quot;_animation_mobile&quot;:&quot;slideInUp&quot;,&quot;_animation&quot;:&quot;fadeIn&quot;}\" data-widget_type=\"heading.default\">\n\t\t\t\t<div class=\"elementor-widget-container\">\n\t\t\t<h2 class=\"elementor-heading-title elementor-size-xl\">Zusch\u00fcsse Elternverein<\/h2>\t\t<\/div>\n\t\t\t\t<\/div>\n\t\t\t\t<div class=\"elementor-element elementor-element-d79df06 elementor-invisible elementor-widget elementor-widget-text-editor\" data-id=\"d79df06\" data-element_type=\"widget\" data-settings=\"{&quot;_animation&quot;:&quot;fadeIn&quot;}\" data-widget_type=\"text-editor.default\">\n\t\t\t\t<div class=\"elementor-widget-container\">\n\t\t\t\t\t\t\t\t<div class=\"elementor-text-editor elementor-clearfix\">\n\t\t\t\t<p>Um allen Sch\u00fclerinnen und Sch\u00fclern die Teilnahme an Veranstaltungen der Schule zu erm\u00f6glichen, kann zus\u00e4tzlich zu den \u00f6ffentlichen M\u00f6glichkeiten beim Elternverein um einen Zuschuss angesucht werden.<\/p><p><span style=\"text-decoration: underline;\"><span style=\"color: #1b677f; text-decoration: underline;\"><strong><a style=\"color: #1b677f; text-decoration: underline;\" href=\"https:\/\/www.bg-bab-elternverein.at\/ev\/wp-content\/uploads\/2022\/Antragsformular_Zuschuss_Eltern_Elterverein_2022_2.pdf\">Hier<\/a><\/strong> <\/span><\/span>finden Sie das\u00a0Antragsformular\u00a0f\u00fcr die Beantragung eines Zuschusses.<br \/>Das ausgef\u00fcllte und von den Eltern \/ dem(n) Erziehungsberechtigten unterfertigte Formular kann in der Direktion der Schule abgegeben oder per E-Mail direkt an den Elternverein gesendet werden.<br \/>Bitte beachten sie, dass Zusch\u00fcsse nachtr\u00e4glich nicht gew\u00e4hrt werden k\u00f6nnen, bitte beantragen sie diese <span style=\"text-decoration: underline;\">vor<\/span> den Veranstaltungen.<\/p><p>Die Vergabe der Zusch\u00fcsse orientiert sich an der <span style=\"text-decoration: underline;\"><span style=\"color: #1b677f; text-decoration: underline;\"><strong><a style=\"color: #1b677f; text-decoration: underline;\" href=\"https:\/\/www.bg-bab-elternverein.at\/ev\/wp-content\/uploads\/2022\/Antragsformular_Zuschuss_Eltern_Elterverein_2022.pdf\" target=\"_blank\" rel=\"noopener\">EU-SILC-Erhebung<\/a><\/strong><\/span><\/span> um eine m\u00f6glichste genaue soziale Treffsicherheit und effiziente Verwendung der Mittel zu gew\u00e4hrleisten.<\/p>\t\t\t\t\t<\/div>\n\t\t\t\t\t\t<\/div>\n\t\t\t\t<\/div>\n\t\t\t\t\t\t<\/div>\n\t\t\t\t\t<\/div>\n\t\t<\/div>\n\t\t\t\t\t\t\t\t<\/div>\n\t\t\t\t\t<\/div>\n\t\t<\/section>\n\t\t\t\t<section class=\"elementor-section elementor-top-section elementor-element elementor-element-7a13054 elementor-section-boxed elementor-section-height-default elementor-section-height-default elementor-invisible\" data-id=\"7a13054\" data-element_type=\"section\" data-settings=\"{&quot;animation&quot;:&quot;fadeInUp&quot;}\">\n\t\t\t\t\t\t<div class=\"elementor-container elementor-column-gap-default\">\n\t\t\t\t\t\t\t<div class=\"elementor-row\">\n\t\t\t\t\t<div class=\"elementor-column elementor-col-100 elementor-top-column elementor-element elementor-element-9d94bb2\" data-id=\"9d94bb2\" data-element_type=\"column\">\n\t\t\t<div class=\"elementor-column-wrap elementor-element-populated\">\n\t\t\t\t\t\t\t<div class=\"elementor-widget-wrap\">\n\t\t\t\t\t\t<div class=\"elementor-element elementor-element-96f16bd elementor-invisible elementor-widget elementor-widget-heading\" data-id=\"96f16bd\" data-element_type=\"widget\" data-settings=\"{&quot;_animation&quot;:&quot;fadeIn&quot;}\" data-widget_type=\"heading.default\">\n\t\t\t\t<div class=\"elementor-widget-container\">\n\t\t\t<h2 class=\"elementor-heading-title elementor-size-xl\">Klassenvertreter<\/h2>\t\t<\/div>\n\t\t\t\t<\/div>\n\t\t\t\t<div class=\"elementor-element elementor-element-2cd9c57 elementor-invisible elementor-widget elementor-widget-text-editor\" data-id=\"2cd9c57\" data-element_type=\"widget\" data-settings=\"{&quot;_animation&quot;:&quot;fadeIn&quot;}\" data-widget_type=\"text-editor.default\">\n\t\t\t\t<div class=\"elementor-widget-container\">\n\t\t\t\t\t\t\t\t<div class=\"elementor-text-editor elementor-clearfix\">\n\t\t\t\t<p><span style=\"text-decoration: underline; color: #1b677f;\"><strong><a style=\"color: #1b677f;\" href=\"https:\/\/www.bg-bab-elternverein.at\/ev\/wp-content\/uploads\/2019\/10\/Wahl-Klassenelternvertreter.pdf\">Hier<\/a><\/strong><\/span> finden Sie das <a href=\"http:\/\/www.bg-bab-elternverein.at\/formulare\/Wahl%20Klassenelternvertreter.pdf\" target=\"_blank\" rel=\"noopener\">Formular\u00a0<\/a>f\u00fcr die Best\u00e4tigung der Wahl der Klassenelternvertreter.<\/p>\t\t\t\t\t<\/div>\n\t\t\t\t\t\t<\/div>\n\t\t\t\t<\/div>\n\t\t\t\t\t\t<\/div>\n\t\t\t\t\t<\/div>\n\t\t<\/div>\n\t\t\t\t\t\t\t\t<\/div>\n\t\t\t\t\t<\/div>\n\t\t<\/section>\n\t\t\t\t<section class=\"elementor-section elementor-top-section elementor-element elementor-element-679f255 elementor-section-boxed elementor-section-height-default elementor-section-height-default\" data-id=\"679f255\" data-element_type=\"section\">\n\t\t\t\t\t\t<div class=\"elementor-container elementor-column-gap-default\">\n\t\t\t\t\t\t\t<div class=\"elementor-row\">\n\t\t\t\t\t<div class=\"elementor-column elementor-col-100 elementor-top-column elementor-element elementor-element-e87cb91\" data-id=\"e87cb91\" data-element_type=\"column\">\n\t\t\t<div class=\"elementor-column-wrap elementor-element-populated\">\n\t\t\t\t\t\t\t<div class=\"elementor-widget-wrap\">\n\t\t\t\t\t\t<div class=\"elementor-element elementor-element-19de2b2 elementor-widget elementor-widget-text-editor\" data-id=\"19de2b2\" data-element_type=\"widget\" data-widget_type=\"text-editor.default\">\n\t\t\t\t<div class=\"elementor-widget-container\">\n\t\t\t\t\t\t\t\t<div class=\"elementor-text-editor elementor-clearfix\">\n\t\t\t\t<h2 style=\"font-variant-ligatures: normal; font-variant-caps: normal; font-family: Helvetica, sans-serif; font-size: 30px; font-style: normal; font-weight: var( --e-global-typography-primary-font-weight ); color: #557da1;\" data-elementor-setting-key=\"title\" data-pen-placeholder=\"Eingabe hier...\">Statuten<\/h2><p><span style=\"font-variant-ligatures: normal; font-variant-caps: normal; font-family: Helvetica, sans-serif; font-size: 16px; font-style: normal; font-weight: 400; text-decoration-line: underline; color: #1b677f;\"><span style=\"font-size: 16px; font-weight: 600;\"><a style=\"font-size: 16px; color: #1b677f;\" href=\"https:\/\/www.bg-bab-elternverein.at\/ev\/wp-content\/uploads\/2022\/EV_Statuten.pdf\">Hier<\/a><\/span><\/span><span style=\"color: #0c0c0c; font-family: Helvetica, sans-serif; font-size: 16px; font-style: normal; font-variant-ligatures: normal; font-variant-caps: normal; font-weight: 400;\">\u00a0finden Sie die Statuten des Elternvereins.<\/span><\/p>\t\t\t\t\t<\/div>\n\t\t\t\t\t\t<\/div>\n\t\t\t\t<\/div>\n\t\t\t\t\t\t<\/div>\n\t\t\t\t\t<\/div>\n\t\t<\/div>\n\t\t\t\t\t\t\t\t<\/div>\n\t\t\t\t\t<\/div>\n\t\t<\/section>\n\t\t\t\t<section class=\"elementor-section elementor-top-section elementor-element elementor-element-629053b elementor-section-boxed elementor-section-height-default elementor-section-height-default elementor-invisible\" data-id=\"629053b\" data-element_type=\"section\" data-settings=\"{&quot;animation&quot;:&quot;fadeInUp&quot;}\">\n\t\t\t\t\t\t<div class=\"elementor-container elementor-column-gap-default\">\n\t\t\t\t\t\t\t<div class=\"elementor-row\">\n\t\t\t\t\t<div class=\"elementor-column elementor-col-100 elementor-top-column elementor-element elementor-element-b9c0c1e\" data-id=\"b9c0c1e\" data-element_type=\"column\">\n\t\t\t<div class=\"elementor-column-wrap elementor-element-populated\">\n\t\t\t\t\t\t\t<div class=\"elementor-widget-wrap\">\n\t\t\t\t\t\t<div class=\"elementor-element elementor-element-0455abd elementor-invisible elementor-widget elementor-widget-heading\" data-id=\"0455abd\" data-element_type=\"widget\" data-settings=\"{&quot;_animation&quot;:&quot;fadeIn&quot;}\" data-widget_type=\"heading.default\">\n\t\t\t\t<div class=\"elementor-widget-container\">\n\t\t\t<h2 class=\"elementor-heading-title elementor-size-xl\">Mitgliedsbeitrag<\/h2>\t\t<\/div>\n\t\t\t\t<\/div>\n\t\t\t\t<div class=\"elementor-element elementor-element-13683da elementor-invisible elementor-widget elementor-widget-text-editor\" data-id=\"13683da\" data-element_type=\"widget\" data-settings=\"{&quot;_animation&quot;:&quot;fadeIn&quot;}\" data-widget_type=\"text-editor.default\">\n\t\t\t\t<div class=\"elementor-widget-container\">\n\t\t\t\t\t\t\t\t<div class=\"elementor-text-editor elementor-clearfix\">\n\t\t\t\t<p>Wir wenden uns an Sie mit der Bitte, die Arbeit des Elternvereins zu unterst\u00fctzen, denn es gilt der Grundsatz: <span style=\"font-size: 16px;\">\u201eEin Elternverein funktioniert dann gut, wenn sich viele Eltern engagieren!\u201c.\u00a0<\/span><\/p><p>Nur durch Ihre Mithilfe ist es m\u00f6glich, die Sch\u00fcler und die Schule zu unterst\u00fctzen bei<\/p><ul><li>der Finanzierung diverser Projekte, z. Bsp. durch \u00dcbernahme von Fahrtkosten schulbezogener Veranstaltungen; \u00b7<\/li><li>diversen Schulveranstaltungen, an denen Sch\u00fcler ohne finanzielle Unterst\u00fctzung nicht die M\u00f6glichkeit h\u00e4tten teilzunehmen (Schikurs, Sommersportwoche usw.); \u00b7<\/li><li>Anschaffungen der Schule selbst, die aus dem Schulbudget allein nicht oder nicht zur G\u00e4nze finanziert werden k\u00f6nnen.<\/li><\/ul><p>Details finden Sie <span style=\"text-decoration: underline; color: #1b677f;\"><strong><a style=\"color: #1b677f; text-decoration: underline;\" href=\"https:\/\/www.bg-bab-elternverein.at\/ev\/wp-content\/uploads\/2022\/EV-Mitgliedsschreiben_202122_A4.pdf\">hier<\/a><\/strong><\/span>.<\/p>\t\t\t\t\t<\/div>\n\t\t\t\t\t\t<\/div>\n\t\t\t\t<\/div>\n\t\t\t\t\t\t<\/div>\n\t\t\t\t\t<\/div>\n\t\t<\/div>\n\t\t\t\t\t\t\t\t<\/div>\n\t\t\t\t\t<\/div>\n\t\t<\/section>\n\t\t\t\t<section class=\"elementor-section elementor-top-section elementor-element elementor-element-962a4fd elementor-section-boxed elementor-section-height-default elementor-section-height-default elementor-invisible\" data-id=\"962a4fd\" data-element_type=\"section\" data-settings=\"{&quot;animation&quot;:&quot;fadeInUp&quot;}\">\n\t\t\t\t\t\t<div class=\"elementor-container elementor-column-gap-default\">\n\t\t\t\t\t\t\t<div class=\"elementor-row\">\n\t\t\t\t\t<div class=\"elementor-column elementor-col-100 elementor-top-column elementor-element elementor-element-8aedc75\" data-id=\"8aedc75\" data-element_type=\"column\">\n\t\t\t<div class=\"elementor-column-wrap elementor-element-populated\">\n\t\t\t\t\t\t\t<div class=\"elementor-widget-wrap\">\n\t\t\t\t\t\t<div class=\"elementor-element elementor-element-c0149c3 elementor-invisible elementor-widget elementor-widget-heading\" data-id=\"c0149c3\" data-element_type=\"widget\" data-settings=\"{&quot;_animation&quot;:&quot;fadeIn&quot;}\" data-widget_type=\"heading.default\">\n\t\t\t\t<div class=\"elementor-widget-container\">\n\t\t\t<h2 class=\"elementor-heading-title elementor-size-xl\">Sonstige Formulare<\/h2>\t\t<\/div>\n\t\t\t\t<\/div>\n\t\t\t\t<div class=\"elementor-element elementor-element-f8a8ed8 elementor-invisible elementor-widget elementor-widget-text-editor\" data-id=\"f8a8ed8\" data-element_type=\"widget\" data-settings=\"{&quot;_animation&quot;:&quot;fadeIn&quot;}\" data-widget_type=\"text-editor.default\">\n\t\t\t\t<div class=\"elementor-widget-container\">\n\t\t\t\t\t\t\t\t<div class=\"elementor-text-editor elementor-clearfix\">\n\t\t\t\t<ul><li><a href=\"https:\/\/www.bg-bab-elternverein.at\/ev\/wp-content\/uploads\/2019\/10\/Maturantenfolder.pdf\"><strong>Stipendien<\/strong><\/a><\/li><\/ul>\t\t\t\t\t<\/div>\n\t\t\t\t\t\t<\/div>\n\t\t\t\t<\/div>\n\t\t\t\t\t\t<\/div>\n\t\t\t\t\t<\/div>\n\t\t<\/div>\n\t\t\t\t\t\t\t\t<\/div>\n\t\t\t\t\t<\/div>\n\t\t<\/section>\n\t\t\t\t\t\t\t\t\t<\/div>\n\t\t\t<\/div>\n\t\t\t\t\t<\/div>\n\t\t","protected":false},"excerpt":{"rendered":"<p>Formulare \u00d6ffentliche Zusch\u00fcsse Bundesministerium f\u00fcr Bildung, Wissenschaft und Forschung Jugend Rotes Kreuz N\u00d6 Initiative \u201eRapid hilft\u201c von der Volkshilfe Wien Zusch\u00fcsse Elternverein Um allen Sch\u00fclerinnen und Sch\u00fclern die Teilnahme an Veranstaltungen der Schule zu erm\u00f6glichen, kann zus\u00e4tzlich zu den \u00f6ffentlichen M\u00f6glichkeiten beim Elternverein um einen Zuschuss angesucht werden. Hier finden Sie das\u00a0Antragsformular\u00a0f\u00fcr die Beantragung eines [&hellip;]<\/p>\n","protected":false},"author":2,"featured_media":0,"parent":0,"menu_order":0,"comment_status":"closed","ping_status":"closed","template":"","meta":[],"_links":{"self":[{"href":"https:\/\/www.bg-bab-elternverein.at\/ev\/wp-json\/wp\/v2\/pages\/315"}],"collection":[{"href":"https:\/\/www.bg-bab-elternverein.at\/ev\/wp-json\/wp\/v2\/pages"}],"about":[{"href":"https:\/\/www.bg-bab-elternverein.at\/ev\/wp-json\/wp\/v2\/types\/page"}],"author":[{"embeddable":true,"href":"https:\/\/www.bg-bab-elternverein.at\/ev\/wp-json\/wp\/v2\/users\/2"}],"replies":[{"embeddable":true,"href":"https:\/\/www.bg-bab-elternverein.at\/ev\/wp-json\/wp\/v2\/comments?post=315"}],"version-history":[{"count":89,"href":"https:\/\/www.bg-bab-elternverein.at\/ev\/wp-json\/wp\/v2\/pages\/315\/revisions"}],"predecessor-version":[{"id":2170,"href":"https:\/\/www.bg-bab-elternverein.at\/ev\/wp-json\/wp\/v2\/pages\/315\/revisions\/2170"}],"wp:attachment":[{"href":"https:\/\/www.bg-bab-elternverein.at\/ev\/wp-json\/wp\/v2\/media?parent=315"}],"curies":[{"name":"wp","href":"https:\/\/api.w.org\/{rel}","templated":true}]}}