{"id":103,"date":"2019-10-01T09:41:34","date_gmt":"2019-10-01T07:41:34","guid":{"rendered":"http:\/\/www.bg-bab-elternverein.at\/ev\/?page_id=103"},"modified":"2021-10-18T08:49:29","modified_gmt":"2021-10-18T06:49:29","slug":"struktur","status":"publish","type":"page","link":"https:\/\/www.bg-bab-elternverein.at\/ev\/struktur\/","title":{"rendered":"Struktur"},"content":{"rendered":"\t\t<div data-elementor-type=\"wp-page\" data-elementor-id=\"103\" class=\"elementor elementor-103\">\n\t\t\t\t\t\t<div class=\"elementor-inner\">\n\t\t\t\t<div class=\"elementor-section-wrap\">\n\t\t\t\t\t\t\t\t\t<section class=\"elementor-section elementor-top-section elementor-element elementor-element-c9c6c6b elementor-section-boxed elementor-section-height-default elementor-section-height-default elementor-invisible\" data-id=\"c9c6c6b\" data-element_type=\"section\" data-settings=\"{&quot;animation&quot;:&quot;fadeIn&quot;}\">\n\t\t\t\t\t\t<div class=\"elementor-container elementor-column-gap-default\">\n\t\t\t\t\t\t\t<div class=\"elementor-row\">\n\t\t\t\t\t<div class=\"elementor-column elementor-col-100 elementor-top-column elementor-element elementor-element-5772745\" data-id=\"5772745\" data-element_type=\"column\">\n\t\t\t<div class=\"elementor-column-wrap elementor-element-populated\">\n\t\t\t\t\t\t\t<div class=\"elementor-widget-wrap\">\n\t\t\t\t\t\t<div class=\"elementor-element elementor-element-cdb23ca elementor-widget elementor-widget-heading\" data-id=\"cdb23ca\" data-element_type=\"widget\" data-widget_type=\"heading.default\">\n\t\t\t\t<div class=\"elementor-widget-container\">\n\t\t\t<h2 class=\"elementor-heading-title elementor-size-xl\">Struktur<\/h2>\t\t<\/div>\n\t\t\t\t<\/div>\n\t\t\t\t\t\t<\/div>\n\t\t\t\t\t<\/div>\n\t\t<\/div>\n\t\t\t\t\t\t\t\t<\/div>\n\t\t\t\t\t<\/div>\n\t\t<\/section>\n\t\t\t\t<section class=\"elementor-section elementor-top-section elementor-element elementor-element-61db210 elementor-section-boxed elementor-section-height-default elementor-section-height-default elementor-invisible\" data-id=\"61db210\" data-element_type=\"section\" data-settings=\"{&quot;animation&quot;:&quot;fadeInUp&quot;}\">\n\t\t\t\t\t\t<div class=\"elementor-container elementor-column-gap-default\">\n\t\t\t\t\t\t\t<div class=\"elementor-row\">\n\t\t\t\t\t<div class=\"elementor-column elementor-col-100 elementor-top-column elementor-element elementor-element-592ff6d\" data-id=\"592ff6d\" data-element_type=\"column\">\n\t\t\t<div class=\"elementor-column-wrap elementor-element-populated\">\n\t\t\t\t\t\t\t<div class=\"elementor-widget-wrap\">\n\t\t\t\t\t\t<div class=\"elementor-element elementor-element-7e2bfd7 elementor-widget elementor-widget-spacer\" data-id=\"7e2bfd7\" data-element_type=\"widget\" data-widget_type=\"spacer.default\">\n\t\t\t\t<div class=\"elementor-widget-container\">\n\t\t\t\t\t<div class=\"elementor-spacer\">\n\t\t\t<div class=\"elementor-spacer-inner\"><\/div>\n\t\t<\/div>\n\t\t\t\t<\/div>\n\t\t\t\t<\/div>\n\t\t\t\t<div class=\"elementor-element elementor-element-adef3b4 elementor-widget elementor-widget-heading\" data-id=\"adef3b4\" data-element_type=\"widget\" data-widget_type=\"heading.default\">\n\t\t\t\t<div class=\"elementor-widget-container\">\n\t\t\t<h2 class=\"elementor-heading-title elementor-size-xl\">Ordentliche Mitglieder<\/h2>\t\t<\/div>\n\t\t\t\t<\/div>\n\t\t\t\t<div class=\"elementor-element elementor-element-22bda83 elementor-widget elementor-widget-text-editor\" data-id=\"22bda83\" data-element_type=\"widget\" data-settings=\"{&quot;_animation&quot;:&quot;none&quot;}\" data-widget_type=\"text-editor.default\">\n\t\t\t\t<div class=\"elementor-widget-container\">\n\t\t\t\t\t\t\t\t<div class=\"elementor-text-editor elementor-clearfix\">\n\t\t\t\t<p>Ordentliche Mitglieder des Elternvereins sind alle Erziehungsberechtigten, deren Kinder das Bundesgymnasium Babenbergerring besuchen, sofern sie den festgesetzten j\u00e4hrlichen Mitgliedsbeitrag leisten. Ihre eingezahlten Mitgliedsbeitr\u00e4ge bilden einen wesentlichen Bestandteil f\u00fcr die Unterst\u00fctzung der Sch\u00fclerinnen und Sch\u00fcler.<\/p>\t\t\t\t\t<\/div>\n\t\t\t\t\t\t<\/div>\n\t\t\t\t<\/div>\n\t\t\t\t<div class=\"elementor-element elementor-element-f0d1427 elementor-widget elementor-widget-heading\" data-id=\"f0d1427\" data-element_type=\"widget\" data-widget_type=\"heading.default\">\n\t\t\t\t<div class=\"elementor-widget-container\">\n\t\t\t<h2 class=\"elementor-heading-title elementor-size-xl\">Elternausschuss<\/h2>\t\t<\/div>\n\t\t\t\t<\/div>\n\t\t\t\t<div class=\"elementor-element elementor-element-31d3fa0 elementor-widget elementor-widget-text-editor\" data-id=\"31d3fa0\" data-element_type=\"widget\" data-settings=\"{&quot;_animation&quot;:&quot;none&quot;}\" data-widget_type=\"text-editor.default\">\n\t\t\t\t<div class=\"elementor-widget-container\">\n\t\t\t\t\t\t\t\t<div class=\"elementor-text-editor elementor-clearfix\">\n\t\t\t\t<p>Der Elternausschuss setzt sich aus dem Elternvertreter und seinem Stellvertreter f\u00fcr jede Klasse sowie dem Vorstand des Elternvereins zusammen. Der Elternvertreter und sein Stellvertreter sind von den Erziehungsberechtigten der jeweiligen Klasse zu w\u00e4hlen. Die Wahl erfolgt immer im Wintersemester der ersten und f\u00fcnften Klassen im Rahmen der ersten Klassenversammlung unter der Leitung des Klassenvorstandes. In die Funktion des Elternvertreters sowie dessen Stellvertreter k\u00f6nnen nur ordentliche Mitglieder des Elternvereins gew\u00e4hlt werden.<\/p>\t\t\t\t\t<\/div>\n\t\t\t\t\t\t<\/div>\n\t\t\t\t<\/div>\n\t\t\t\t<div class=\"elementor-element elementor-element-a64da14 elementor-widget elementor-widget-heading\" data-id=\"a64da14\" data-element_type=\"widget\" data-widget_type=\"heading.default\">\n\t\t\t\t<div class=\"elementor-widget-container\">\n\t\t\t<h2 class=\"elementor-heading-title elementor-size-xl\">Schulgemeinschaftsausschuss Babenbergerring<\/h2>\t\t<\/div>\n\t\t\t\t<\/div>\n\t\t\t\t<div class=\"elementor-element elementor-element-2f31d15 elementor-widget elementor-widget-text-editor\" data-id=\"2f31d15\" data-element_type=\"widget\" data-settings=\"{&quot;_animation&quot;:&quot;none&quot;}\" data-widget_type=\"text-editor.default\">\n\t\t\t\t<div class=\"elementor-widget-container\">\n\t\t\t\t\t\t\t\t<div class=\"elementor-text-editor elementor-clearfix\">\n\t\t\t\t<p>Der Schulgemeinschaftsausschuss (SGA) besteht aus<\/p><ul><li>Vertretern der Sch\u00fclerinnen und Sch\u00fcler,<\/li><li>Vertretern der Eltern und<\/li><li>Vertretern des Lehrk\u00f6rpers.<\/li><\/ul><p>Im Rahmen der Schulautonomie ber\u00e4t und entscheidet der SGA als Gremium \u00fcber schulautonome Tage, Wandertage und Schulveranstaltungen. Dar\u00fcber hinaus werden im Rahmen der SGA-Sitzungen schulspezifische Unterrichtsangebote und Lehrinhalte besprochen und verabschiedet.<\/p>\t\t\t\t\t<\/div>\n\t\t\t\t\t\t<\/div>\n\t\t\t\t<\/div>\n\t\t\t\t\t\t<\/div>\n\t\t\t\t\t<\/div>\n\t\t<\/div>\n\t\t\t\t\t\t\t\t<\/div>\n\t\t\t\t\t<\/div>\n\t\t<\/section>\n\t\t\t\t\t\t\t\t\t<\/div>\n\t\t\t<\/div>\n\t\t\t\t\t<\/div>\n\t\t","protected":false},"excerpt":{"rendered":"<p>Struktur Ordentliche Mitglieder Ordentliche Mitglieder des Elternvereins sind alle Erziehungsberechtigten, deren Kinder das Bundesgymnasium Babenbergerring besuchen, sofern sie den festgesetzten j\u00e4hrlichen Mitgliedsbeitrag leisten. Ihre eingezahlten Mitgliedsbeitr\u00e4ge bilden einen wesentlichen Bestandteil f\u00fcr die Unterst\u00fctzung der Sch\u00fclerinnen und Sch\u00fcler. Elternausschuss Der Elternausschuss setzt sich aus dem Elternvertreter und seinem Stellvertreter f\u00fcr jede Klasse sowie dem Vorstand des [&hellip;]<\/p>\n","protected":false},"author":2,"featured_media":0,"parent":0,"menu_order":0,"comment_status":"closed","ping_status":"closed","template":"","meta":[],"_links":{"self":[{"href":"https:\/\/www.bg-bab-elternverein.at\/ev\/wp-json\/wp\/v2\/pages\/103"}],"collection":[{"href":"https:\/\/www.bg-bab-elternverein.at\/ev\/wp-json\/wp\/v2\/pages"}],"about":[{"href":"https:\/\/www.bg-bab-elternverein.at\/ev\/wp-json\/wp\/v2\/types\/page"}],"author":[{"embeddable":true,"href":"https:\/\/www.bg-bab-elternverein.at\/ev\/wp-json\/wp\/v2\/users\/2"}],"replies":[{"embeddable":true,"href":"https:\/\/www.bg-bab-elternverein.at\/ev\/wp-json\/wp\/v2\/comments?post=103"}],"version-history":[{"count":19,"href":"https:\/\/www.bg-bab-elternverein.at\/ev\/wp-json\/wp\/v2\/pages\/103\/revisions"}],"predecessor-version":[{"id":2052,"href":"https:\/\/www.bg-bab-elternverein.at\/ev\/wp-json\/wp\/v2\/pages\/103\/revisions\/2052"}],"wp:attachment":[{"href":"https:\/\/www.bg-bab-elternverein.at\/ev\/wp-json\/wp\/v2\/media?parent=103"}],"curies":[{"name":"wp","href":"https:\/\/api.w.org\/{rel}","templated":true}]}}